{"id":69,"date":"2015-09-26T18:11:55","date_gmt":"2015-09-26T18:11:55","guid":{"rendered":"http:\/\/sp12informat.one.pl\/x\/?page_id=69"},"modified":"2015-09-26T18:11:55","modified_gmt":"2015-09-26T18:11:55","slug":"powtorka","status":"publish","type":"page","link":"https:\/\/www.sp12inf.one.pl\/Sp12inform\/historia-komputera\/powtorka\/","title":{"rendered":"Powt\u00f3rka"},"content":{"rendered":"<p>&nbsp;<\/p>\n<p>&nbsp;<\/p>\n<div align=\"center\">\n<p><a href=\"http:\/\/sp12inf.one.pl\/Informatyka\/utrwal\/hist\/krzyz1.htm\"><strong>krzy\u017c\u00f3wka 1<\/strong><\/a><\/p>\n<p><a href=\"http:\/\/sp12inf.one.pl\/Informatyka\/utrwal\/hist\/krzyz2.htm\"><strong>krzy\u017c\u00f3wka 2<\/strong><\/a><\/p>\n<\/div>\n<p>&nbsp;<\/p>\n","protected":false},"excerpt":{"rendered":"<p>&nbsp; &nbsp; krzy\u017c\u00f3wka 1 krzy\u017c\u00f3wka 2 &nbsp;<\/p>\n","protected":false},"author":1,"featured_media":0,"parent":163,"menu_order":0,"comment_status":"closed","ping_status":"closed","template":"","meta":[],"_links":{"self":[{"href":"https:\/\/www.sp12inf.one.pl\/Sp12inform\/wp-json\/wp\/v2\/pages\/69"}],"collection":[{"href":"https:\/\/www.sp12inf.one.pl\/Sp12inform\/wp-json\/wp\/v2\/pages"}],"about":[{"href":"https:\/\/www.sp12inf.one.pl\/Sp12inform\/wp-json\/wp\/v2\/types\/page"}],"author":[{"embeddable":true,"href":"https:\/\/www.sp12inf.one.pl\/Sp12inform\/wp-json\/wp\/v2\/users\/1"}],"replies":[{"embeddable":true,"href":"https:\/\/www.sp12inf.one.pl\/Sp12inform\/wp-json\/wp\/v2\/comments?post=69"}],"version-history":[{"count":0,"href":"https:\/\/www.sp12inf.one.pl\/Sp12inform\/wp-json\/wp\/v2\/pages\/69\/revisions"}],"up":[{"embeddable":true,"href":"https:\/\/www.sp12inf.one.pl\/Sp12inform\/wp-json\/wp\/v2\/pages\/163"}],"wp:attachment":[{"href":"https:\/\/www.sp12inf.one.pl\/Sp12inform\/wp-json\/wp\/v2\/media?parent=69"}],"curies":[{"name":"wp","href":"https:\/\/api.w.org\/{rel}","templated":true}]}}