{"id":216,"date":"2018-01-03T23:00:05","date_gmt":"2018-01-03T23:00:05","guid":{"rendered":"http:\/\/www.sp12inf.one.pl\/Sp12inform\/?page_id=216"},"modified":"2018-01-03T23:00:05","modified_gmt":"2018-01-03T23:00:05","slug":"antywirus","status":"publish","type":"page","link":"https:\/\/www.sp12inf.one.pl\/Sp12inform\/bezpieczenstwo\/antywirus\/","title":{"rendered":"antywirus"},"content":{"rendered":"<p style=\"font-weight: 400;\"><strong>NARZ\u0118DZIA DO OCHRONY KOMPUTERA<\/strong><\/p>\n<p><br style=\"font-weight: 400;\" \/><br style=\"font-weight: 400;\" \/><\/p>\n<p style=\"font-weight: 400;\">Jest wiele program\u00f3w do ochrony komputera (dok\u0142adnie danych, kt\u00f3re przechowujemy na dysku i kt\u00f3rymi pos\u0142ugujemy si\u0119 korzystaj\u0105c z internetu). Mi\u0119dzy innymi s\u0105 programy antywirusowe, programy antyspyware, programy antyspamowe, firewalle (zapory sieciowe), skanery i szczepionki, antydialery, programy do szyfrowania danych, programy do ochrony prywatno\u015bci, programy do tak zwanej kontroli rodzicielskiej, narz\u0119dzia do wykrywania potencjalnie niebezpiecznego oprogramowania typu rootkit<br \/>\nKilka cennych porad mo\u017cna znale\u017a\u0107 mi\u0119dzy innymi na stronach:<br \/>\n<a href=\"http:\/\/detektywistyka.rubikon.pl\/poradnik-szpiega-ochrona.html\">http:\/\/detektywistyka.rubikon.pl\/poradnik-szpiega-ochrona.html<\/a><br \/>\n<a href=\"http:\/\/www.dobreprogramy.pl\/Bezpieczenstwo,Windows,9.html\">http:\/\/www.dobreprogramy.pl\/Bezpieczenstwo,Windows,9.html<\/a><\/p>\n<p style=\"font-weight: 400;\"><strong>PROGRAM ANTYWIRUSOWY<\/strong>\u00a0to program komputerowy, kt\u00f3rego celem jest wykrywanie, zwalczanie, usuwanie i zabezpieczanie przed wirusami komputerowymi. Jednym z g\u0142\u00f3wnych jego parametr\u00f3w jest skuteczno\u015b\u0107 w wykrywaniu i zwalczaniu szkodliwych program\u00f3w.<\/p>\n<p>Dobre antywirusy s\u0105 wyposa\u017cone w dwa niezale\u017cnie pracuj\u0105ce modu\u0142y:<\/p>\n<ul style=\"font-weight: 400;\">\n<li>skaner (dok\u0142adniejszy od monitora skan pewnych grup plik\u00f3w pod k\u0105tem istnienia wirusa)<\/li>\n<li>monitor (skanuje pliki na bie\u017c\u0105co, bez wiedzy u\u017cytkownika, czy pliki \u0142adowane do systemu s\u0105 pozbawione wirus\u00f3w).<\/li>\n<\/ul>\n<p><span style=\"font-weight: 400;\">Antywirus powinien:<\/span><\/p>\n<ul style=\"font-weight: 400;\">\n<li style=\"list-style-type: none;\">\n<ul style=\"font-weight: 400;\">\n<li>dobrze sobie radzi\u0107 zar\u00f3wno ze znanymi wirusami jak i nieznanymi<\/li>\n<li>automatycznie pobiera\u0107 nowe definicje (szczepionki) odkrytych wirus\u00f3w &#8211; co dziennie pojawia si\u0119 oko\u0142o 30 nowych wirus\u00f3w.<\/li>\n<\/ul>\n<\/li>\n<\/ul>\n<p><strong><em>poza tym<\/em><\/strong><\/p>\n<ul style=\"font-weight: 400;\">\n<li>blokowa\u0107 ataki haker\u00f3w<\/li>\n<li>utrzymywa\u0107 maksymaln\u0105 wydajno\u015b\u0107 pracy komputera<\/li>\n<li>zabezpiecza\u0107 wa\u017cne dane<\/li>\n<li>odfiltrowywa\u0107 niepo\u017c\u0105dane wiadomo\u015bci e-mail (np. spam)<\/li>\n<li>ochroni\u0107 rodzin\u0119 przed zagro\u017ceniami pochodz\u0105cymi z internetu<\/li>\n<\/ul>\n<p><span style=\"font-weight: 400;\">Ka\u017cdy program antywirusowy zawiera bazy tzw. sygnatur wirus\u00f3w. S\u0105 to charakterystyczne cechy kod\u00f3w wirus\u00f3w, na podstawie, kt\u00f3rych program mo\u017ce stwierdzi\u0107 czy dany plik jest zara\u017cony, czy nie. Przyk\u0142adami program\u00f3w antywirusowych s\u0105: Panda, Mks_Vir, Trend Micro, Norman, Skaner Wirtualnej Polski, Norton AntiVirus.\u00a0<\/span><br style=\"font-weight: 400;\" \/><br style=\"font-weight: 400;\" \/><span style=\"font-weight: 400;\">SKANER ANTYWIRUSOWY jest jednym z modu\u0142\u00f3w programu antywirusowego, za pomoc\u0105, kt\u00f3rego komputer sprawdza znajduj\u0105ce si\u0119 na dysku twardym, dyskietkach, p\u0142ytach CD-ROM pliki. Po zako\u0144czeniu pracy skaner informuje nas o liczbie znalezionych wirus\u00f3w i o tym ile z nich uda\u0142o si\u0119 skutecznie usun\u0105\u0107<\/span><\/p>\n<p style=\"font-weight: 400;\">Przy wyborze programu antywirusowego powinno si\u0119 zwraca\u0107 uwag\u0119, czy posiada on nast\u0119puj\u0105ce podstawowe elementy:<\/p>\n<ol style=\"font-weight: 400;\">\n<li>skaner antywirusowy<\/li>\n<li>skaner rezydentny &#8211; skaner, kt\u00f3ry pracuje w tle przez ca\u0142y czas; do jego zada\u0144 nale\u017cy bie\u017c\u0105ca kontrola wszystkich uruchamianych plik\u00f3w, dokument\u00f3w, czy wk\u0142adanych dyskietek.<\/li>\n<li>terminarz &#8211; pozwala na zaprogramowani programu tak, aby szuka\u0142 o okre\u015blonej porze, np. w nocy.<\/li>\n<\/ol>\n<p style=\"font-weight: 400;\">Do najbardziej znanych program\u00f3w antywirusowych nale\u017c\u0105:<\/p>\n<ul style=\"font-weight: 400;\">\n<li><img src=\"http:\/\/avira.com\/images\/content\/v3\/logo-avira.png\" \/> Avira AntiVirus<\/li>\n<li>\u00a0<img loading=\"lazy\" src=\"https:\/\/static3.avast.com\/20180103\/web\/i\/avast-software-dark.png\" width=\"110\" height=\"35\" \/>AVAST! firmy\u00a0<a href=\"http:\/\/www.avast.com\/\">ALWIL Software<\/a><\/li>\n<li>\u00a0<img src=\"https:\/\/static2.avg.com\/20180103\/web\/i\/other\/avg-logo-83x34.png\" alt=\"AVG logo\" \/>AVG firmy\u00a0<a href=\"https:\/\/www.avg.com\">Grisoft<\/a><\/li>\n<li>\u00a0\u00a0<img loading=\"lazy\" class=\"\" src=\"http:\/\/www.clamwin.com\/templates\/ClamWin\/images\/clamwin_logo.png\" alt=\"Clamwin antivirus\" width=\"163\" height=\"80\" \/>ClamAV na licencji\u00a0<a href=\"http:\/\/www.clamwin.com\/\">GNU\u00a0<\/a><a href=\"http:\/\/www.clamav.net\/\">GPL<\/a><\/li>\n<li>\u00a0<img loading=\"lazy\" class=\"\" src=\"http:\/\/portable.info.pl\/wp-content\/uploads\/2015\/11\/Dr.Web_CureIt_icon256.png\" alt=\"Dr.Web\" width=\"69\" height=\"69\" \/>Dr. Web firmy\u00a0<a href=\"http:\/\/www.drweb.com\/\">DialogueScience Ltd.<\/a><\/li>\n<li>\u00a0<img src=\"http:\/\/https:\/\/safenet.gemalto.com\/uploadedImages\/images\/gemalto_brand_fullcol_hr.jpg\" alt=\"Gemalto\" width=\"170\" \/>ESafe Protect Desktop firmy\u00a0<a href=\"http:\/\/www.esafe.com\/esafe\/default.asp\">ESafe<\/a><\/li>\n<li>\u00a0eTrust InoculatelT firmy\u00a0<a href=\"http:\/\/store.digitalriver.com\/servlet\/ControllerServlet?Action=DisplayHomePage&amp;SiteID=caconsum&amp;Locale=en_US&amp;Env=BASE\">Network Associates<\/a><\/li>\n<li>\u00a0F-Prot Antivirus firmy\u00a0<a href=\"http:\/\/www.f-prot.com\/\">Frisk Software<\/a><\/li>\n<li>\u00a0F-Secure firmy\u00a0<a href=\"http:\/\/www.f-secure.com\/wireless\/\">F-Secure Corporation<\/a><\/li>\n<li>\u00a0Kaspersky Antivirus firmy\u00a0<a href=\"http:\/\/www.kaspersky.com\/\">Kaspersky Lab<\/a><\/li>\n<li>\u00a0\u00a0McAfee Virus Scan firmy\u00a0<a href=\"http:\/\/us.mcafee.com\/\">Network Associates<\/a><\/li>\n<li><a href=\"http:\/\/download.mcafee.com\/us\/eval\/evaluate2.asp\">produkty firmy McAfee &#8211; free na 30 dni<\/a><\/li>\n<li>\u00a0Mks_Vir firmy\u00a0<a href=\"http:\/\/www.mks-vir.com.pl\/\">MKS (firma)<\/a><\/li>\n<li>\u00a0NOD32 firmy\u00a0<a href=\"http:\/\/www.nod32.com\/home\/home.htm\">Eset<\/a><\/li>\n<li>\u00a0Norman Virus Control firmy<\/li>\n<li>\u00a0\u00a0firmy<\/li>\n<li><a href=\"http:\/\/www.symantec.com\/pl\/pl\/home_homeoffice\/themes\/freedom\/index.jsp\">gama produkt\u00f3w firmy Symantec na 2007 rok<\/a><\/li>\n<li>\u00a0\u00a0OpenAntiVirus na licencji\u00a0<a href=\"http:\/\/www.openantivirus.org\/\">GNU GPL<\/a><\/li>\n<li>\u00a0Panda Antivirus firmy\u00a0<a href=\"http:\/\/www.pandasoftware.com\/Home\/Particulares\/?sitepanda=particulares\">Panda Software<\/a><\/li>\n<li>\u00a0PC-Cillin firmy<\/li>\n<li>\u00a0RAV AntiVirus firmy\u00a0<a href=\"http:\/\/www.ravantivirus.com\/\">GeCAD Software<\/a><\/li>\n<li>\u00a0Sophos Anti-virus firmy<\/li>\n<\/ul>\n<p style=\"font-weight: 400;\">Skanery Online:<br \/>\n<a href=\"http:\/\/download.zonelabs.com\/bin\/free\/cm\/scanner5.html\">scanner Zone Labs<\/a><br \/>\n<a href=\"http:\/\/skaner.mks.com.pl\/\">skaner mks<\/a><br \/>\n<a href=\"http:\/\/www.symantec.com\/cgi-bin\/securitycheck.cgi\">Symantec<\/a><br \/>\n<a href=\"http:\/\/www.avast.com\/eng\/down_cleaner.html\">cleaner avast!<\/a><br \/>\n<a href=\"http:\/\/onlinescan.avast.com\/\">online scanner avast!<\/a><br \/>\n<a href=\"http:\/\/www.kaspersky.com\/virusscanner\">Kaspersky Anti-Virus scanner<\/a><\/p>\n<p style=\"font-weight: 400;\">\u0179r\u00f3d\u0142o:<br \/>\n<a href=\"http:\/\/pl.wikipedia.org\/wiki\/Program_antywirusowy\">http:\/\/pl.wikipedia.org\/wiki\/Program_antywirusowy<\/a><br \/>\nstrony producent\u00f3w program\u00f3w antywirusowych.<\/p>\n","protected":false},"excerpt":{"rendered":"<p>NARZ\u0118DZIA DO OCHRONY KOMPUTERA Jest wiele program\u00f3w do ochrony komputera (dok\u0142adnie danych, kt\u00f3re przechowujemy na dysku i kt\u00f3rymi pos\u0142ugujemy si\u0119 korzystaj\u0105c z internetu). Mi\u0119dzy innymi s\u0105 programy antywirusowe, programy antyspyware, programy antyspamowe, firewalle (zapory sieciowe), skanery i szczepionki, antydialery, programy do szyfrowania danych, programy do ochrony prywatno\u015bci, programy do tak zwanej kontroli rodzicielskiej, narz\u0119dzia do [&hellip;]<\/p>\n","protected":false},"author":1,"featured_media":0,"parent":157,"menu_order":0,"comment_status":"closed","ping_status":"closed","template":"","meta":[],"_links":{"self":[{"href":"https:\/\/www.sp12inf.one.pl\/Sp12inform\/wp-json\/wp\/v2\/pages\/216"}],"collection":[{"href":"https:\/\/www.sp12inf.one.pl\/Sp12inform\/wp-json\/wp\/v2\/pages"}],"about":[{"href":"https:\/\/www.sp12inf.one.pl\/Sp12inform\/wp-json\/wp\/v2\/types\/page"}],"author":[{"embeddable":true,"href":"https:\/\/www.sp12inf.one.pl\/Sp12inform\/wp-json\/wp\/v2\/users\/1"}],"replies":[{"embeddable":true,"href":"https:\/\/www.sp12inf.one.pl\/Sp12inform\/wp-json\/wp\/v2\/comments?post=216"}],"version-history":[{"count":1,"href":"https:\/\/www.sp12inf.one.pl\/Sp12inform\/wp-json\/wp\/v2\/pages\/216\/revisions"}],"predecessor-version":[{"id":217,"href":"https:\/\/www.sp12inf.one.pl\/Sp12inform\/wp-json\/wp\/v2\/pages\/216\/revisions\/217"}],"up":[{"embeddable":true,"href":"https:\/\/www.sp12inf.one.pl\/Sp12inform\/wp-json\/wp\/v2\/pages\/157"}],"wp:attachment":[{"href":"https:\/\/www.sp12inf.one.pl\/Sp12inform\/wp-json\/wp\/v2\/media?parent=216"}],"curies":[{"name":"wp","href":"https:\/\/api.w.org\/{rel}","templated":true}]}}